{"id":2,"date":"2018-07-27T10:11:45","date_gmt":"2018-07-27T08:11:45","guid":{"rendered":"http:\/\/wordpress.p474728.webspaceconfig.de"},"modified":"2025-05-07T15:07:41","modified_gmt":"2025-05-07T13:07:41","slug":"startseite","status":"publish","type":"page","link":"https:\/\/www.haulick-roos.de\/en_gb\/","title":{"rendered":"Startseite"},"content":{"rendered":"<p>[et_pb_section fb_built=&#8220;1&#8243; custom_padding_last_edited=&#8220;on|desktop&#8220; _builder_version=&#8220;4.17.4&#8243; _module_preset=&#8220;default&#8220; use_background_color_gradient=&#8220;on&#8220; background_color_gradient_stops=&#8220;#e9ebef 0%|#f7f9fd 100%&#8220; background_color_gradient_start=&#8220;#e9ebef&#8220; background_color_gradient_end=&#8220;#f7f9fd&#8220; custom_margin=&#8220;0px|0px|0px|0px|false|false&#8220; custom_margin_tablet=&#8220;&#8220; custom_margin_phone=&#8220;|0px||0px|false|false&#8220; custom_margin_last_edited=&#8220;on|phone&#8220; custom_padding=&#8220;0%|0px|2%|0px|false|false&#8220; custom_padding_tablet=&#8220;3%||3%||false|false&#8220; custom_padding_phone=&#8220;0%|0px|0%|0px|false|false&#8220; locked=&#8220;off&#8220; global_colors_info=&#8220;{}&#8220;][et_pb_row _builder_version=&#8220;4.17.4&#8243; _module_preset=&#8220;default&#8220; custom_padding=&#8220;0px||||false|false&#8220; global_colors_info=&#8220;{}&#8220;][et_pb_column type=&#8220;4_4&#8243; _builder_version=&#8220;4.16&#8243; _module_preset=&#8220;default&#8220; global_colors_info=&#8220;{}&#8220;][et_pb_slider show_cta_on_mobile=&#8220;off&#8220; show_image_video_mobile=&#8220;on&#8220; _builder_version=&#8220;4.24.3&#8243; _module_preset=&#8220;default&#8220; header_font=&#8220;|300|||||||&#8220; text_orientation=&#8220;right&#8220; global_colors_info=&#8220;{}&#8220;][et_pb_slide image=&#8220;https:\/\/www.haulick-roos.de\/wp-content\/uploads\/2022\/08\/haulick-roos-header-Titelbild-2b2.png&#8220; alignment=&#8220;bottom&#8220; _builder_version=&#8220;4.24.3&#8243; _module_preset=&#8220;default&#8220; header_text_color=&#8220;#000000&#8243; background_color=&#8220;rgba(0,0,0,0)&#8220; background_enable_color=&#8220;on&#8220; text_orientation=&#8220;left&#8220; background_layout=&#8220;light&#8220; global_colors_info=&#8220;{}&#8220; sticky_transition=&#8220;on&#8220;]<\/p>\n<h1 class=\"slider-headline\">Exzellente Pr\u00e4zisionspressen und Service<\/h1>\n<p>[\/et_pb_slide][et_pb_slide image=&#8220;https:\/\/www.haulick-roos.de\/wp-content\/uploads\/2022\/08\/haulick-roos-header-Titelbild-3b2.png&#8220; alignment=&#8220;bottom&#8220; _builder_version=&#8220;4.24.3&#8243; _module_preset=&#8220;default&#8220; header_text_align=&#8220;left&#8220; background_color=&#8220;rgba(0,0,0,0)&#8220; background_enable_color=&#8220;on&#8220; text_orientation=&#8220;left&#8220; background_layout=&#8220;light&#8220; global_colors_info=&#8220;{}&#8220; sticky_transition=&#8220;on&#8220;]<\/p>\n<h1 class=\"slider-headline\">Exzellente Pr\u00e4zisionspressen und Service<\/h1>\n<p>[\/et_pb_slide][et_pb_slide image=&#8220;https:\/\/www.haulick-roos.de\/wp-content\/uploads\/2020\/11\/haulick-roos-header-Titelbild.png&#8220; alignment=&#8220;bottom&#8220; image_tablet=&#8220;&#8220; image_phone=&#8220;&#8220; image_last_edited=&#8220;on|desktop&#8220; _builder_version=&#8220;4.24.3&#8243; _module_preset=&#8220;default&#8220; header_level=&#8220;h1&#8243; header_font=&#8220;OS-LIGHT-300|100|||||||&#8220; header_font_size=&#8220;44px&#8220; body_font=&#8220;|300|||||||&#8220; body_text_align=&#8220;left&#8220; background_color=&#8220;rgba(0,0,0,0)&#8220; background_enable_color=&#8220;on&#8220; text_orientation=&#8220;left&#8220; background_layout=&#8220;light&#8220; body_font_last_edited=&#8220;off|desktop&#8220; border_radii_image_tablet=&#8220;&#8220; border_radii_image_phone=&#8220;&#8220; border_radii_image_last_edited=&#8220;on|desktop&#8220; global_colors_info=&#8220;{}&#8220; sticky_transition=&#8220;on&#8220;]<\/p>\n<h1 class=\"slider-headline\">Exzellente Pr\u00e4zisionspressen und Service<\/h1>\n<p>[\/et_pb_slide][\/et_pb_slider][\/et_pb_column][\/et_pb_row][\/et_pb_section][et_pb_section fb_built=&#8220;1&#8243; _builder_version=&#8220;4.16&#8243; custom_padding=&#8220;61px|0px|0|0px|false|false&#8220; global_colors_info=&#8220;{}&#8220;][et_pb_row column_structure=&#8220;1_3,1_3,1_3&#8243; _builder_version=&#8220;4.16&#8243; background_size=&#8220;initial&#8220; background_position=&#8220;top_left&#8220; background_repeat=&#8220;repeat&#8220; custom_padding=&#8220;0|0px|0|0px|false|false&#8220; global_colors_info=&#8220;{}&#8220;][et_pb_column type=&#8220;1_3&#8243; _builder_version=&#8220;4.16&#8243; custom_padding=&#8220;|||&#8220; global_colors_info=&#8220;{}&#8220; custom_padding__hover=&#8220;|||&#8220;][et_pb_image src=&#8220;https:\/\/www.haulick-roos.de\/wp-content\/uploads\/2024\/05\/haulick_roos_kachel_press-overview.png&#8220; title_text=&#8220;haulick_roos_kachel_press-overview&#8220; url=&#8220;\/produkte\/prazisionspressen-ueberblick\/&#8220; align_tablet=&#8220;center&#8220; align_phone=&#8220;&#8220; align_last_edited=&#8220;on|desktop&#8220; _builder_version=&#8220;4.24.3&#8243; use_background_color_gradient=&#8220;on&#8220; background_color_gradient_stops=&#8220;#e9ebef 0%|#f7f9fd 100%&#8220; background_color_gradient_start=&#8220;#e9ebef&#8220; background_color_gradient_end=&#8220;#f7f9fd&#8220; width=&#8220;100%&#8220; animation_style=&#8220;slide&#8220; animation_duration=&#8220;650ms&#8220; animation_delay=&#8220;500ms&#8220; global_colors_info=&#8220;{}&#8220;]&nbsp;<br \/>\n[\/et_pb_image][et_pb_image src=&#8220;https:\/\/www.haulick-roos.de\/wp-content\/uploads\/2020\/07\/haulick_roos_kachel_schnelllaeufer_500-1600kn.png&#8220; title_text=&#8220;haulick_roos_kachel_schnelllaeufer_500-1600kn&#8220; url=&#8220;\/produkte\/schnelllaeufer-500-1600-kn&#8220; align_tablet=&#8220;center&#8220; align_phone=&#8220;&#8220; align_last_edited=&#8220;on|desktop&#8220; _builder_version=&#8220;4.16&#8243; use_background_color_gradient=&#8220;on&#8220; background_color_gradient_stops=&#8220;#e9ebef 0%|#f7f9fd 100%&#8220; background_color_gradient_start=&#8220;#e9ebef&#8220; background_color_gradient_end=&#8220;#f7f9fd&#8220; animation_style=&#8220;slide&#8220; animation_duration=&#8220;650ms&#8220; animation_delay=&#8220;600ms&#8220; global_colors_info=&#8220;{}&#8220;]&nbsp;<br \/>\n[\/et_pb_image][et_pb_image src=&#8220;https:\/\/www.haulick-roos.de\/wp-content\/uploads\/2020\/07\/haulick_roos_kachel_anlagenbau-zubehoer.png&#8220; title_text=&#8220;haulick_roos_kachel_anlagenbau-zubehoer&#8220; url=&#8220;\/produkte\/anlagenbau-zubehoer\/&#8220; align_tablet=&#8220;center&#8220; align_phone=&#8220;&#8220; align_last_edited=&#8220;on|desktop&#8220; _builder_version=&#8220;4.16&#8243; use_background_color_gradient=&#8220;on&#8220; background_color_gradient_stops=&#8220;#e9ebef 0%|#f7f9fd 100%&#8220; background_color_gradient_start=&#8220;#e9ebef&#8220; background_color_gradient_end=&#8220;#f7f9fd&#8220; animation_style=&#8220;slide&#8220; animation_duration=&#8220;650ms&#8220; animation_delay=&#8220;700ms&#8220; global_colors_info=&#8220;{}&#8220;]&nbsp;<br \/>\n[\/et_pb_image][\/et_pb_column][et_pb_column type=&#8220;1_3&#8243; _builder_version=&#8220;4.16&#8243; custom_padding=&#8220;|||&#8220; global_colors_info=&#8220;{}&#8220; custom_padding__hover=&#8220;|||&#8220;][et_pb_image src=&#8220;https:\/\/www.haulick-roos.de\/wp-content\/uploads\/2020\/07\/haulick_roos_kachel_presskraft_250-1600kn_900x900Px.png&#8220; title_text=&#8220;haulick_roos_kachel_presskraft_250-1600kn_900x900Px&#8220; url=&#8220;\/produkte\/presskraft-250-1600-kn\/&#8220; align_tablet=&#8220;center&#8220; align_phone=&#8220;&#8220; align_last_edited=&#8220;on|desktop&#8220; _builder_version=&#8220;4.24.3&#8243; use_background_color_gradient=&#8220;on&#8220; background_color_gradient_stops=&#8220;#e9ebef 0%|#f7f9fd 100%&#8220; background_color_gradient_start=&#8220;#e9ebef&#8220; background_color_gradient_end=&#8220;#f7f9fd&#8220; width=&#8220;100%&#8220; animation_style=&#8220;slide&#8220; animation_duration=&#8220;650ms&#8220; animation_delay=&#8220;500ms&#8220; locked=&#8220;off&#8220; global_colors_info=&#8220;{}&#8220;]&nbsp;<br \/>\n[\/et_pb_image][et_pb_image src=&#8220;https:\/\/www.haulick-roos.de\/wp-content\/uploads\/2020\/07\/haulick_roos_kachel_fsd_servoantrieb.png&#8220; title_text=&#8220;haulick_roos_kachel_fsd_servoantrieb&#8220; url=&#8220;\/produkte\/fsd-flexible-servo-drive\/&#8220; align_tablet=&#8220;center&#8220; align_phone=&#8220;&#8220; align_last_edited=&#8220;on|desktop&#8220; _builder_version=&#8220;4.16&#8243; use_background_color_gradient=&#8220;on&#8220; background_color_gradient_stops=&#8220;#e9ebef 0%|#f7f9fd 100%&#8220; background_color_gradient_start=&#8220;#e9ebef&#8220; background_color_gradient_end=&#8220;#f7f9fd&#8220; animation_style=&#8220;slide&#8220; animation_duration=&#8220;650ms&#8220; animation_delay=&#8220;700ms&#8220; global_colors_info=&#8220;{}&#8220;]&nbsp;<br \/>\n[\/et_pb_image][et_pb_image src=&#8220;https:\/\/www.haulick-roos.de\/wp-content\/uploads\/2020\/07\/haulick_roos_kachel_gebrauchtmaschinen.png&#8220; title_text=&#8220;haulick_roos_kachel_gebrauchtmaschinen&#8220; url=&#8220;\/produkte\/gebrauchtmaschinen\/&#8220; align_tablet=&#8220;center&#8220; align_phone=&#8220;&#8220; align_last_edited=&#8220;on|desktop&#8220; _builder_version=&#8220;4.16&#8243; use_background_color_gradient=&#8220;on&#8220; background_color_gradient_stops=&#8220;#e9ebef 0%|#f7f9fd 100%&#8220; background_color_gradient_start=&#8220;#e9ebef&#8220; background_color_gradient_end=&#8220;#f7f9fd&#8220; animation_style=&#8220;slide&#8220; animation_duration=&#8220;650ms&#8220; animation_delay=&#8220;700ms&#8220; global_colors_info=&#8220;{}&#8220;]&nbsp;<br \/>\n[\/et_pb_image][\/et_pb_column][et_pb_column type=&#8220;1_3&#8243; _builder_version=&#8220;4.16&#8243; custom_padding=&#8220;|||&#8220; global_colors_info=&#8220;{}&#8220; custom_padding__hover=&#8220;|||&#8220;][et_pb_image src=&#8220;https:\/\/www.haulick-roos.de\/wp-content\/uploads\/2025\/05\/haulick_roos_kachel_presskraft_2000-5000kn.png&#8220; title_text=&#8220;haulick_roos_kachel_presskraft_2000-5000kn&#8220; url=&#8220;\/produkte\/presskraft-2000-3150-kn\/&#8220; align_tablet=&#8220;center&#8220; align_phone=&#8220;&#8220; align_last_edited=&#8220;on|desktop&#8220; _builder_version=&#8220;4.24.3&#8243; use_background_color_gradient=&#8220;on&#8220; background_color_gradient_stops=&#8220;#e9ebef 0%|#f7f9fd 100%&#8220; background_color_gradient_start=&#8220;#e9ebef&#8220; background_color_gradient_end=&#8220;#f7f9fd&#8220; animation_style=&#8220;slide&#8220; animation_duration=&#8220;650ms&#8220; animation_delay=&#8220;700ms&#8220; hover_enabled=&#8220;0&#8243; global_colors_info=&#8220;{}&#8220; sticky_enabled=&#8220;0&#8243;]&nbsp;<br \/>\n[\/et_pb_image][et_pb_image src=&#8220;https:\/\/www.haulick-roos.de\/wp-content\/uploads\/2020\/07\/haulick_roos_kachel_rs-paket.png&#8220; title_text=&#8220;haulick_roos_kachel_rs-paket&#8220; url=&#8220;\/produkte\/rs-paket\/&#8220; align_tablet=&#8220;center&#8220; align_phone=&#8220;&#8220; align_last_edited=&#8220;on|desktop&#8220; _builder_version=&#8220;4.16&#8243; use_background_color_gradient=&#8220;on&#8220; background_color_gradient_stops=&#8220;#e9ebef 0%|#f7f9fd 100%&#8220; background_color_gradient_start=&#8220;#e9ebef&#8220; background_color_gradient_end=&#8220;#f7f9fd&#8220; animation_style=&#8220;slide&#8220; animation_duration=&#8220;650ms&#8220; animation_delay=&#8220;600ms&#8220; global_colors_info=&#8220;{}&#8220;]&nbsp;<br \/>\n[\/et_pb_image][et_pb_image src=&#8220;https:\/\/www.haulick-roos.de\/wp-content\/uploads\/2020\/07\/haulick_roos_kachel_service.png&#8220; title_text=&#8220;haulick_roos_kachel_service&#8220; url=&#8220;\/service\/&#8220; align_tablet=&#8220;center&#8220; align_phone=&#8220;&#8220; align_last_edited=&#8220;on|desktop&#8220; _builder_version=&#8220;4.16&#8243; use_background_color_gradient=&#8220;on&#8220; background_color_gradient_stops=&#8220;#e9ebef 0%|#f7f9fd 100%&#8220; background_color_gradient_start=&#8220;#e9ebef&#8220; background_color_gradient_end=&#8220;#f7f9fd&#8220; animation_style=&#8220;slide&#8220; animation_duration=&#8220;650ms&#8220; animation_delay=&#8220;600ms&#8220; global_colors_info=&#8220;{}&#8220;]&nbsp;<br \/>\n[\/et_pb_image][\/et_pb_column][\/et_pb_row][\/et_pb_section][et_pb_section fb_built=&#8220;1&#8243; _builder_version=&#8220;4.16&#8243; custom_padding=&#8220;60px|0px|61px|0px|false|false&#8220; global_colors_info=&#8220;{}&#8220;][et_pb_row _builder_version=&#8220;4.16&#8243; background_size=&#8220;initial&#8220; background_position=&#8220;top_left&#8220; background_repeat=&#8220;repeat&#8220; custom_padding=&#8220;0|0px|0|0px|false|false&#8220; global_colors_info=&#8220;{}&#8220;][et_pb_column type=&#8220;4_4&#8243; _builder_version=&#8220;4.16&#8243; custom_padding=&#8220;|||&#8220; global_colors_info=&#8220;{}&#8220; custom_padding__hover=&#8220;|||&#8220;][et_pb_text _builder_version=&#8220;4.16&#8243; text_orientation=&#8220;center&#8220; global_colors_info=&#8220;{}&#8220;]<\/p>\n<h2>News<\/h2>\n<p>[\/et_pb_text][\/et_pb_column][\/et_pb_row][et_pb_row column_structure=&#8220;1_2,1_2&#8243; _builder_version=&#8220;4.16&#8243; background_size=&#8220;initial&#8220; background_position=&#8220;top_left&#8220; background_repeat=&#8220;repeat&#8220; custom_padding=&#8220;0|0px|0|0px|false|false&#8220; global_colors_info=&#8220;{}&#8220;][et_pb_column type=&#8220;1_2&#8243; _builder_version=&#8220;4.16&#8243; custom_padding=&#8220;|||&#8220; global_colors_info=&#8220;{}&#8220; custom_padding__hover=&#8220;|||&#8220;][et_pb_image src=&#8220;https:\/\/www.haulick-roos.de\/wp-content\/uploads\/2020\/07\/haulick_roos_kachel_news.png&#8220; title_text=&#8220;haulick_roos_kachel_news&#8220; url=&#8220;@ET-DC@eyJkeW5hbWljIjp0cnVlLCJjb250ZW50IjoicG9zdF9saW5rX3VybF9wYWdlIiwic2V0dGluZ3MiOnsicG9zdF9pZCI6Ijk1OSJ9fQ==@&#8220; align_tablet=&#8220;center&#8220; align_phone=&#8220;&#8220; align_last_edited=&#8220;on|desktop&#8220; _builder_version=&#8220;4.16&#8243; _dynamic_attributes=&#8220;url&#8220; use_background_color_gradient=&#8220;on&#8220; background_color_gradient_stops=&#8220;#e9ebef 0%|#f7f9fd 100%&#8220; background_color_gradient_start=&#8220;#e9ebef&#8220; background_color_gradient_end=&#8220;#f7f9fd&#8220; global_colors_info=&#8220;{}&#8220;]&nbsp;<br \/>\n[\/et_pb_image][et_pb_text _builder_version=&#8220;4.16&#8243; border_width_bottom=&#8220;1px&#8220; border_color_bottom=&#8220;#d1d1d1&#8243; global_colors_info=&#8220;{}&#8220;]<\/p>\n<h2>Aktuelles<\/h2>\n<p>[\/et_pb_text][\/et_pb_column][et_pb_column type=&#8220;1_2&#8243; _builder_version=&#8220;4.16&#8243; custom_padding=&#8220;|||&#8220; global_colors_info=&#8220;{}&#8220; custom_padding__hover=&#8220;|||&#8220;][et_pb_image src=&#8220;https:\/\/www.haulick-roos.de\/wp-content\/uploads\/2020\/07\/haulick_roos_messen_messeallgemein.jpg&#8220; title_text=&#8220;haulick_roos_messen_messeallgemein&#8220; url=&#8220;\/news\/messen\/&#8220; align_tablet=&#8220;center&#8220; align_phone=&#8220;&#8220; align_last_edited=&#8220;on|desktop&#8220; _builder_version=&#8220;4.16&#8243; use_background_color_gradient=&#8220;on&#8220; background_color_gradient_stops=&#8220;#d7dadd 0%|#fcfcfc 100%&#8220; background_color_gradient_start=&#8220;#d7dadd&#8220; background_color_gradient_end=&#8220;#fcfcfc&#8220; global_colors_info=&#8220;{}&#8220;]&nbsp;<br \/>\n[\/et_pb_image][et_pb_text _builder_version=&#8220;4.16&#8243; border_width_bottom=&#8220;1px&#8220; border_color_bottom=&#8220;#d1d1d1&#8243; global_colors_info=&#8220;{}&#8220;]<\/p>\n<h2>Messen<\/h2>\n<p>[\/et_pb_text][\/et_pb_column][\/et_pb_row][\/et_pb_section][et_pb_section fb_built=&#8220;1&#8243; _builder_version=&#8220;4.5.1&#8243; background_color=&#8220;#e0e0e0&#8243; global_module=&#8220;1098&#8243; locked=&#8220;off&#8220; global_colors_info=&#8220;{}&#8220;][et_pb_row column_structure=&#8220;1_3,1_3,1_3&#8243; _builder_version=&#8220;4.16&#8243; background_size=&#8220;initial&#8220; background_position=&#8220;top_left&#8220; background_repeat=&#8220;repeat&#8220; global_colors_info=&#8220;{}&#8220;][et_pb_column type=&#8220;1_3&#8243; _builder_version=&#8220;4.16&#8243; custom_padding=&#8220;|||&#8220; global_colors_info=&#8220;{}&#8220; custom_padding__hover=&#8220;|||&#8220;][et_pb_text _builder_version=&#8220;4.16&#8243; _module_preset=&#8220;default&#8220; text_font=&#8220;OpenSans||||||||&#8220; global_colors_info=&#8220;{}&#8220;]<\/p>\n<p style=\"text-align: center;\"><strong>Haulick + Roos GmbH<\/strong><br \/>Stanz- und Umformautomaten <br \/>Eutinger Strasse 115<br \/> D-75175 Pforzheim<\/p>\n<p>[\/et_pb_text][\/et_pb_column][et_pb_column type=&#8220;1_3&#8243; _builder_version=&#8220;4.16&#8243; _module_preset=&#8220;default&#8220; global_colors_info=&#8220;{}&#8220;][et_pb_text _builder_version=&#8220;4.20.2&#8243; _module_preset=&#8220;default&#8220; text_orientation=&#8220;center&#8220; custom_padding=&#8220;0px|||||&#8220; global_colors_info=&#8220;{}&#8220;]<\/p>\n<p><strong>Kontakt<\/strong><br \/>Tel.-Nr. +49 (0) 7231 5805-0<br \/>Fax-Nr. +49 (0) 7231 5805-10<br \/>E-mail: info@haulick-roos.de<\/p>\n<p>[\/et_pb_text][\/et_pb_column][et_pb_column type=&#8220;1_3&#8243; _builder_version=&#8220;4.16&#8243; _module_preset=&#8220;default&#8220; global_colors_info=&#8220;{}&#8220;][et_pb_cta button_url=&#8220;\/kontakt&#8220; button_text=&#8220;Kontakt aufnehmen&#8220; title_tablet=&#8220;&#8220; title_phone=&#8220;&#8220; title_last_edited=&#8220;on|desktop&#8220; _builder_version=&#8220;4.20.2&#8243; header_text_color=&#8220;#231e46&#8243; header_font_size=&#8220;19px&#8220; use_background_color=&#8220;off&#8220; custom_button=&#8220;on&#8220; button_bg_color=&#8220;#ffffff&#8220; global_colors_info=&#8220;{}&#8220; button_text_size__hover_enabled=&#8220;off&#8220; button_one_text_size__hover_enabled=&#8220;off&#8220; button_two_text_size__hover_enabled=&#8220;off&#8220; button_text_color__hover_enabled=&#8220;off&#8220; button_one_text_color__hover_enabled=&#8220;off&#8220; button_two_text_color__hover_enabled=&#8220;off&#8220; button_border_width__hover_enabled=&#8220;on|hover&#8220; button_one_border_width__hover_enabled=&#8220;off&#8220; button_two_border_width__hover_enabled=&#8220;off&#8220; button_border_color__hover_enabled=&#8220;on|hover&#8220; button_one_border_color__hover_enabled=&#8220;off&#8220; button_two_border_color__hover_enabled=&#8220;off&#8220; button_border_radius__hover_enabled=&#8220;off&#8220; button_one_border_radius__hover_enabled=&#8220;off&#8220; button_two_border_radius__hover_enabled=&#8220;off&#8220; button_letter_spacing__hover_enabled=&#8220;off&#8220; button_one_letter_spacing__hover_enabled=&#8220;off&#8220; button_two_letter_spacing__hover_enabled=&#8220;off&#8220; button_bg_color__hover_enabled=&#8220;on|hover&#8220; button_one_bg_color__hover_enabled=&#8220;off&#8220; button_two_bg_color__hover_enabled=&#8220;off&#8220; button_border_color__hover=&#8220;rgba(135,135,135,0)&#8220; button_bg_color__hover=&#8220;#ffffff&#8220;]<\/p>\n<p><strong style=\"color: black;\">Sie haben Fragen? Schreiben Sie uns!<\/strong><\/p>\n<p>[\/et_pb_cta][\/et_pb_column][\/et_pb_row][\/et_pb_section]<\/p>","protected":false},"excerpt":{"rendered":"<p>Exzellente Pr\u00e4zisionspressen und ServiceExzellente Pr\u00e4zisionspressen und ServiceExzellente Pr\u00e4zisionspressen und Service&nbsp; &nbsp; &nbsp; &nbsp; &nbsp; &nbsp; &nbsp; &nbsp; &nbsp; News &nbsp; Aktuelles&nbsp; MessenHaulick + Roos GmbHStanz- und Umformautomaten Eutinger Strasse 115 D-75175 PforzheimKontaktTel.-Nr. +49 (0) 7231 5805-0Fax-Nr. +49 (0) 7231 5805-10E-Mail: info@haulick-roos.deSie haben Fragen? Schreiben Sie uns!<\/p>","protected":false},"author":1,"featured_media":0,"parent":0,"menu_order":0,"comment_status":"closed","ping_status":"closed","template":"","meta":{"_et_pb_use_builder":"on","_et_pb_old_content":"Dies ist eine Beispiel-Seite. Sie unterscheidet sich von Beitr\u00e4gen, da sie stets an der selben Stelle bleibt und (bei den meisten Themes) in der Navigation angezeigt wird. Die meisten Leute starten mit einem Impressum, der Datenschutzerkl\u00e4rung oder einer \u201e\u00dcber uns\u201c-Seite mit einer Vorstellung f\u00fcr m\u00f6gliche Besucher der Website. Dort k\u00f6nnte zum Beispiel stehen:\n<blockquote>Hallo! Tags\u00fcber arbeite ich als Fahrradkurier, nachts bin ich ein aufstrebender Schauspieler und dies hier ist meine Website. Ich lebe in Berlin, habe einen gro\u00dfen Hund namens Jack, mag Pi\u00f1a Coladas, jedoch weniger (ohne Schirm) im Regen stehen gelassen zu werden.<\/blockquote>\n...oder sowas wie:\n<blockquote>Unsere Firma XYZ wurde 1971 gegr\u00fcndet und hat seither eine Menge hochqualitativen ABC f\u00fcr die \u00d6ffentlichkeit produziert. Ans\u00e4ssig in Gotham City, hat XYZ mittlerweile \u00fcber 2.000 Mitarbeiter und entwickelt immer wieder gro\u00dfartige Dinge f\u00fcr die ganze Gotham-Gemeinschaft.<\/blockquote>\nAls neuer WordPress-Benutzer solltest du das <a href=\"http:\/\/wordpress.p123456.webspaceconfig.de\/wp-admin\/\">Dashboard<\/a> aufrufen, um diese Seite zu l\u00f6schen und statt dessen eine neue Seite mit deinen eigenen Inhalten erstellen. Viel Spa\u00df!","_et_gb_content_width":"","footnotes":""},"_links":{"self":[{"href":"https:\/\/www.haulick-roos.de\/en_gb\/wp-json\/wp\/v2\/pages\/2"}],"collection":[{"href":"https:\/\/www.haulick-roos.de\/en_gb\/wp-json\/wp\/v2\/pages"}],"about":[{"href":"https:\/\/www.haulick-roos.de\/en_gb\/wp-json\/wp\/v2\/types\/page"}],"author":[{"embeddable":true,"href":"https:\/\/www.haulick-roos.de\/en_gb\/wp-json\/wp\/v2\/users\/1"}],"replies":[{"embeddable":true,"href":"https:\/\/www.haulick-roos.de\/en_gb\/wp-json\/wp\/v2\/comments?post=2"}],"version-history":[{"count":229,"href":"https:\/\/www.haulick-roos.de\/en_gb\/wp-json\/wp\/v2\/pages\/2\/revisions"}],"predecessor-version":[{"id":34311,"href":"https:\/\/www.haulick-roos.de\/en_gb\/wp-json\/wp\/v2\/pages\/2\/revisions\/34311"}],"wp:attachment":[{"href":"https:\/\/www.haulick-roos.de\/en_gb\/wp-json\/wp\/v2\/media?parent=2"}],"curies":[{"name":"wp","href":"https:\/\/api.w.org\/{rel}","templated":true}]}}