{"id":535,"date":"2018-08-14T10:33:17","date_gmt":"2018-08-14T08:33:17","guid":{"rendered":"http:\/\/dev.p474728.webspaceconfig.de\/?page_id=535"},"modified":"2024-05-22T10:23:53","modified_gmt":"2024-05-22T08:23:53","slug":"wer-wir-sind-was-wir-tun","status":"publish","type":"page","link":"https:\/\/www.haulick-roos.de\/en_gb\/unternehmen\/wer-wir-sind-was-wir-tun\/","title":{"rendered":"Wer wir sind, was wir tun"},"content":{"rendered":"<p>[et_pb_section fb_built=&#8220;1&#8243; _builder_version=&#8220;4.16&#8243; _module_preset=&#8220;default&#8220; background_enable_color=&#8220;off&#8220; use_background_color_gradient=&#8220;on&#8220; background_color_gradient_stops=&#8220;#e9ebef 0%|#f7f9fd 100%&#8220; background_color_gradient_start=&#8220;#e9ebef&#8220; background_color_gradient_end=&#8220;#f7f9fd&#8220; background_enable_image=&#8220;off&#8220; background_blend=&#8220;multiply&#8220; min_height=&#8220;397px&#8220; min_height_tablet=&#8220;250px&#8220; min_height_phone=&#8220;200px&#8220; min_height_last_edited=&#8220;on|phone&#8220; max_height=&#8220;397px&#8220; custom_margin=&#8220;0px||0px||false|false&#8220; custom_padding=&#8220;0px||0px||false|false&#8220; custom_css_main_element=&#8220;display: flex;||&#8220; locked=&#8220;off&#8220; global_colors_info=&#8220;{}&#8220;][et_pb_row _builder_version=&#8220;4.16&#8243; _module_preset=&#8220;default&#8220; custom_css_main_element=&#8220;margin: auto;&#8220; global_colors_info=&#8220;{}&#8220;][et_pb_column type=&#8220;4_4&#8243; _builder_version=&#8220;4.16&#8243; _module_preset=&#8220;default&#8220; global_colors_info=&#8220;{}&#8220;][et_pb_image src=&#8220;https:\/\/www.haulick-roos.de\/wp-content\/uploads\/2020\/11\/haulick-roos-header-Titelbild2.png&#8220; title_text=&#8220;haulick-roos-header-Titelbild2&#8243; align=&#8220;center&#8220; _builder_version=&#8220;4.16&#8243; _module_preset=&#8220;default&#8220; module_alignment=&#8220;center&#8220; max_height=&#8220;370px&#8220; custom_margin=&#8220;0px||0px||false|false&#8220; custom_padding=&#8220;0px||0px||false|false&#8220; global_colors_info=&#8220;{}&#8220;][\/et_pb_image][\/et_pb_column][\/et_pb_row][\/et_pb_section][et_pb_section fb_built=&#8220;1&#8243; _builder_version=&#8220;4.16&#8243; global_colors_info=&#8220;{}&#8220;][et_pb_row _builder_version=&#8220;4.16&#8243; background_size=&#8220;initial&#8220; background_position=&#8220;top_left&#8220; background_repeat=&#8220;repeat&#8220; global_colors_info=&#8220;{}&#8220;][et_pb_column type=&#8220;4_4&#8243; _builder_version=&#8220;4.16&#8243; custom_padding=&#8220;|||&#8220; global_colors_info=&#8220;{}&#8220; custom_padding__hover=&#8220;|||&#8220;][et_pb_text _builder_version=&#8220;4.16&#8243; text_orientation=&#8220;center&#8220; global_colors_info=&#8220;{}&#8220;]<\/p>\n<h1>Klarer Fokus: Exzellente Pr\u00e4zisionspressen und Service<\/h1>\n<p>[\/et_pb_text][et_pb_text _builder_version=&#8220;4.16&#8243; text_orientation=&#8220;center&#8220; global_colors_info=&#8220;{}&#8220;]<\/p>\n<p>Wir konzentrieren uns auf die Entwicklung, Herstellung, den Vertrieb und Service von Pr\u00e4zisions-Stanz- und Umformautomaten. Eine konsequente Ausrichtung, die uns zu einem hochspezialisierten Anbieter macht, der den Wettbewerb mit Innovationsfreude und Ideenreichtum f\u00f6rdert. Unsere Spitzenposition m\u00f6chten wir weiter ausbauen, indem wir h\u00f6chstm\u00f6glichen Kundennutzen in den Mittelpunkt unserer Entwicklungs- und Serviceaktivit\u00e4ten stellen. H\u00f6here Qualit\u00e4t, mehr Effizienz, wirtschaftlichere Fertigung. Oft liegt die \u00dcberlegenheit von Haulick+Roos im Detail.<\/p>\n<p class=\"bodytext\">Nat\u00fcrlich runden wir unser Angebot durch einen umfassenden Service ab: <br \/>24-h-Service, hohe Teileverf\u00fcgbarkeit und ein exakt auf den Kundenbedarf abgestimmtes Set an Wartungsangeboten stellen beste Verf\u00fcgbarkeit der Anlagen bei gleichzeitiger Senkung der Service-Kosten sicher.<\/p>\n<p>[\/et_pb_text][\/et_pb_column][\/et_pb_row][\/et_pb_section][et_pb_section fb_built=&#8220;1&#8243; _builder_version=&#8220;3.11&#8243; background_color=&#8220;#ffffff&#8220; custom_padding=&#8220;60px|0px|58px|0px|false|false&#8220; global_module=&#8220;105&#8243; global_colors_info=&#8220;{}&#8220;][et_pb_row _builder_version=&#8220;4.16&#8243; background_size=&#8220;initial&#8220; background_position=&#8220;top_left&#8220; background_repeat=&#8220;repeat&#8220; custom_padding=&#8220;0|0px|0|0px|false|false&#8220; global_colors_info=&#8220;{}&#8220;][et_pb_column type=&#8220;4_4&#8243; _builder_version=&#8220;4.16&#8243; custom_padding=&#8220;|||&#8220; global_colors_info=&#8220;{}&#8220; custom_padding__hover=&#8220;|||&#8220;][et_pb_divider color=&#8220;#d3d3d3&#8243; _builder_version=&#8220;4.16&#8243; global_colors_info=&#8220;{}&#8220;][\/et_pb_divider][et_pb_cta title=&#8220;Sie haben Fragen? Schreiben Sie uns!&#8220; button_url=&#8220;mailto:info@haulick-roos.de&#8220; button_text=&#8220;Kontakt aufnehmen&#8220; _builder_version=&#8220;4.16&#8243; header_text_color=&#8220;#231e46&#8243; use_background_color=&#8220;off&#8220; global_colors_info=&#8220;{}&#8220; button_text_size__hover_enabled=&#8220;off&#8220; button_one_text_size__hover_enabled=&#8220;off&#8220; button_two_text_size__hover_enabled=&#8220;off&#8220; button_text_color__hover_enabled=&#8220;off&#8220; button_one_text_color__hover_enabled=&#8220;off&#8220; button_two_text_color__hover_enabled=&#8220;off&#8220; button_border_width__hover_enabled=&#8220;off&#8220; button_one_border_width__hover_enabled=&#8220;off&#8220; button_two_border_width__hover_enabled=&#8220;off&#8220; button_border_color__hover_enabled=&#8220;off&#8220; button_one_border_color__hover_enabled=&#8220;off&#8220; button_two_border_color__hover_enabled=&#8220;off&#8220; button_border_radius__hover_enabled=&#8220;off&#8220; button_one_border_radius__hover_enabled=&#8220;off&#8220; button_two_border_radius__hover_enabled=&#8220;off&#8220; button_letter_spacing__hover_enabled=&#8220;off&#8220; button_one_letter_spacing__hover_enabled=&#8220;off&#8220; button_two_letter_spacing__hover_enabled=&#8220;off&#8220; button_bg_color__hover_enabled=&#8220;off&#8220; button_one_bg_color__hover_enabled=&#8220;off&#8220; button_two_bg_color__hover_enabled=&#8220;off&#8220;][\/et_pb_cta][\/et_pb_column][\/et_pb_row][\/et_pb_section]<\/p>","protected":false},"excerpt":{"rendered":"<p>Klarer Fokus: Exzellente Pr\u00e4zisionspressen und ServiceWir konzentrieren uns auf die Entwicklung, Herstellung, den Vertrieb und Service von Pr\u00e4zisions-Stanz- und Umformautomaten. Eine konsequente Ausrichtung, die uns zu einem hochspezialisierten Anbieter macht, der den Wettbewerb mit Innovationsfreude und Ideenreichtum f\u00f6rdert. Unsere Spitzenposition m\u00f6chten wir weiter ausbauen, indem wir h\u00f6chstm\u00f6glichen Kundennutzen in den Mittelpunkt unserer Entwicklungs- und Serviceaktivit\u00e4ten [&hellip;]<\/p>","protected":false},"author":1,"featured_media":0,"parent":101,"menu_order":0,"comment_status":"closed","ping_status":"closed","template":"","meta":{"_et_pb_use_builder":"on","_et_pb_old_content":"","_et_gb_content_width":"","footnotes":""},"_links":{"self":[{"href":"https:\/\/www.haulick-roos.de\/en_gb\/wp-json\/wp\/v2\/pages\/535"}],"collection":[{"href":"https:\/\/www.haulick-roos.de\/en_gb\/wp-json\/wp\/v2\/pages"}],"about":[{"href":"https:\/\/www.haulick-roos.de\/en_gb\/wp-json\/wp\/v2\/types\/page"}],"author":[{"embeddable":true,"href":"https:\/\/www.haulick-roos.de\/en_gb\/wp-json\/wp\/v2\/users\/1"}],"replies":[{"embeddable":true,"href":"https:\/\/www.haulick-roos.de\/en_gb\/wp-json\/wp\/v2\/comments?post=535"}],"version-history":[{"count":24,"href":"https:\/\/www.haulick-roos.de\/en_gb\/wp-json\/wp\/v2\/pages\/535\/revisions"}],"predecessor-version":[{"id":34227,"href":"https:\/\/www.haulick-roos.de\/en_gb\/wp-json\/wp\/v2\/pages\/535\/revisions\/34227"}],"up":[{"embeddable":true,"href":"https:\/\/www.haulick-roos.de\/en_gb\/wp-json\/wp\/v2\/pages\/101"}],"wp:attachment":[{"href":"https:\/\/www.haulick-roos.de\/en_gb\/wp-json\/wp\/v2\/media?parent=535"}],"curies":[{"name":"wp","href":"https:\/\/api.w.org\/{rel}","templated":true}]}}