{"id":865,"date":"2018-08-16T15:51:56","date_gmt":"2018-08-16T13:51:56","guid":{"rendered":"http:\/\/dev.p474728.webspaceconfig.de\/?page_id=865"},"modified":"2023-02-02T12:45:18","modified_gmt":"2023-02-02T11:45:18","slug":"impressum","status":"publish","type":"page","link":"https:\/\/www.haulick-roos.de\/en_gb\/impressum\/","title":{"rendered":"Impressum"},"content":{"rendered":"<p>[et_pb_section fb_built=&#8220;1&#8243; _builder_version=&#8220;4.16&#8243; global_colors_info=&#8220;{}&#8220;][et_pb_row _builder_version=&#8220;4.16&#8243; background_size=&#8220;initial&#8220; background_position=&#8220;top_left&#8220; background_repeat=&#8220;repeat&#8220; global_colors_info=&#8220;{}&#8220;][et_pb_column type=&#8220;4_4&#8243; _builder_version=&#8220;4.16&#8243; custom_padding=&#8220;|||&#8220; global_colors_info=&#8220;{}&#8220; custom_padding__hover=&#8220;|||&#8220;][et_pb_text _builder_version=&#8220;4.16&#8243; text_orientation=&#8220;center&#8220; global_colors_info=&#8220;{}&#8220;]<\/p>\n<h1>Impressum<\/h1>\n<p>[\/et_pb_text][\/et_pb_column][\/et_pb_row][et_pb_row column_structure=&#8220;1_2,1_2&#8243; _builder_version=&#8220;4.16&#8243; global_colors_info=&#8220;{}&#8220;][et_pb_column type=&#8220;1_2&#8243; _builder_version=&#8220;4.16&#8243; custom_padding=&#8220;|||&#8220; global_colors_info=&#8220;{}&#8220; custom_padding__hover=&#8220;|||&#8220;][et_pb_text _builder_version=&#8220;4.16&#8243; global_colors_info=&#8220;{}&#8220;]<b>Haulick + Roos GmbH<br \/>\nStanz- und Umformautomaten<\/b><br \/>\nEutinger Stra\u00dfe 115<br \/>\nD-75175 Pforzheim<br \/>\nTelefon: +49 7231 5805-0<br \/>\nFax: +49 7231 5805-10<br \/>\nE-Mail:\u00a0<a class=\"mail\" title=\"\u00d6ffnet ein Fenster zum Versenden der E-Mail\" href=\"mailto:info@haulick-roos.de\">info@haulick-roos.de<\/a><\/p>\n<p>Gesch\u00e4ftsf\u00fchrer:\u00a0<b>Markus Roos<\/b><br \/>\nAmtsgericht: Mannheim, HRB 501131<br \/>\nUSt.-Id Nr: DE 81154 1373<br \/>\n[\/et_pb_text][\/et_pb_column][et_pb_column type=&#8220;1_2&#8243; _builder_version=&#8220;4.16&#8243; custom_padding=&#8220;|||&#8220; global_colors_info=&#8220;{}&#8220; custom_padding__hover=&#8220;|||&#8220;][et_pb_text _builder_version=&#8220;4.17.4&#8243; hover_enabled=&#8220;0&#8243; global_colors_info=&#8220;{}&#8220; sticky_enabled=&#8220;0&#8243;]<\/p>\n<p><b>Hosting:<\/b><br \/>web:\/\/Contact &#8211; kommunale und gewerbliche Internetauftritte<br \/><a class=\"external-link-new-window\" title=\"\u00d6ffnet externen Link in neuem Fenster\" href=\"http:\/\/www.webcontact.de\/\" target=\"_blank\" rel=\"noopener noreferrer\">www.webcontact.de<\/a><\/p>\n<p><b>Programmierung und Design:<\/b><br \/>TEAMDREI B2B Communication<\/p>\n<p><b>Bildnachweis:<\/b><br \/>Shutterstock.com<\/p>\n<p><b>Datenschutzbeauftragter:<\/b><br \/>E-Mail: datenschutz@haulick-roos.de<\/p>\n<p>[\/et_pb_text][\/et_pb_column][\/et_pb_row][et_pb_row _builder_version=&#8220;4.16&#8243; background_size=&#8220;initial&#8220; background_position=&#8220;top_left&#8220; background_repeat=&#8220;repeat&#8220; global_colors_info=&#8220;{}&#8220;][et_pb_column type=&#8220;4_4&#8243; _builder_version=&#8220;4.16&#8243; custom_padding=&#8220;|||&#8220; global_colors_info=&#8220;{}&#8220; custom_padding__hover=&#8220;|||&#8220;][et_pb_text _builder_version=&#8220;4.16&#8243; global_colors_info=&#8220;{}&#8220;]<\/p>\n<p class=\"bodytext\"><b>Haftungsausschluss:<\/b><\/p>\n<p>F\u00fcr Vollst\u00e4ndigkeit, Richtigkeit, Aktualit\u00e4t und Existenz der Inhalte sowie der Inhalte der Hyperlinks wird keine Haftung \u00fcbernommen.<\/p>\n<p><b>Rechtlicher Hinweis \/ Disclaimer:<\/b><\/p>\n<p>Unsere Internetpr\u00e4senz enth\u00e4lt Links zu anderen Anbietern. Haulick + Roos distanziert sich ausdr\u00fccklich von allen Inhalten, die m\u00f6glicherweise straf- oder haftungsrechtlich relevant sind oder gegen die guten Sitten versto\u00dfen. F\u00fcr Sch\u00e4den aus der Nutzung oder Nichtnutzung der Webseiten anderer Anbieter haftet ausschlie\u00dflich der Anbieter der verlinkten Seite.<\/p>\n<p>Die sich auf diesen Internet-Seiten befindlichen Informationen sind sorgf\u00e4ltig und nach besten Wissen ausgesucht und zusammengestellt. Dennoch \u00fcbernehmen wir keine Gew\u00e4hr f\u00fcr die Aktualit\u00e4t, Richtigkeit und Vollst\u00e4ndigkeit der sich auf dieser Homepage befindlichen Informationen.<\/p>\n<p>Durch die Digitalisierung von Daten k\u00f6nnen Fehler auftreten. F\u00fcr durch nicht fehlerfrei angelegte Dateien oder nicht fehlerfrei strukturierte Formate bedingte Unterbrechungen oder anderweitige St\u00f6rungen k\u00f6nnen wir keine Haftung \u00fcbernehmen. Gleiches gilt f\u00fcr Sch\u00e4den, die beim Aufrufen oder Herunterladen von Daten durch Computerviren verursacht werden.<\/p>\n<p>Beim Einsatz unterschiedlicher Browser f\u00fcr das World Wide Web und aufgrund unterschiedlicher Software-Einstellungen kann es bei der Darstellung der Daten zu Abweichungen kommen.<br \/>\nHaulick + Roos bittet die Nutzer, ggf. auf rechtswidrige oder fehlerhafte Inhalte Dritter, zu denen in der Internetpr\u00e4senz ein Link unterhalten wird, aufmerksam zu machen. Ebenso wird um eine Nachricht gebeten, wenn eigene Inhalte nicht fehlerfrei, aktuell oder vollst\u00e4ndig sind.<\/p>\n<p class=\"bodytext\">F\u00fcr diesen Internetauftritt ist inhaltlich verantwortlich: Herr Markus Roos<\/p>\n<p>[\/et_pb_text][\/et_pb_column][\/et_pb_row][\/et_pb_section]<\/p>","protected":false},"excerpt":{"rendered":"<p>Impressum Haulick + Roos GmbH Stanz- und Umformautomaten Eutinger Stra\u00dfe 115 D-75175 Pforzheim Telefon: +49 7231 5805-0 Fax: +49 7231 5805-10 E-Mail:\u00a0info@haulick-roos.de Gesch\u00e4ftsf\u00fchrer:\u00a0Markus Roos Amtsgericht: Mannheim, HRB 501131 USt.-Id Nr: DE 81154 1373 Hosting:web:\/\/Contact &#8211; kommunale und gewerbliche Internetauftrittewww.webcontact.de Programmierung und Design:TEAMDREI B2B Communication Bildnachweis:Shutterstock.com Datenschutzbeauftragter:E-Mail: datenschutz@haulick-roos.deHaftungsausschluss: F\u00fcr Vollst\u00e4ndigkeit, Richtigkeit, Aktualit\u00e4t und Existenz der Inhalte [&hellip;]<\/p>","protected":false},"author":1,"featured_media":0,"parent":0,"menu_order":0,"comment_status":"closed","ping_status":"closed","template":"","meta":{"_et_pb_use_builder":"on","_et_pb_old_content":"","_et_gb_content_width":"","footnotes":""},"_links":{"self":[{"href":"https:\/\/www.haulick-roos.de\/en_gb\/wp-json\/wp\/v2\/pages\/865"}],"collection":[{"href":"https:\/\/www.haulick-roos.de\/en_gb\/wp-json\/wp\/v2\/pages"}],"about":[{"href":"https:\/\/www.haulick-roos.de\/en_gb\/wp-json\/wp\/v2\/types\/page"}],"author":[{"embeddable":true,"href":"https:\/\/www.haulick-roos.de\/en_gb\/wp-json\/wp\/v2\/users\/1"}],"replies":[{"embeddable":true,"href":"https:\/\/www.haulick-roos.de\/en_gb\/wp-json\/wp\/v2\/comments?post=865"}],"version-history":[{"count":10,"href":"https:\/\/www.haulick-roos.de\/en_gb\/wp-json\/wp\/v2\/pages\/865\/revisions"}],"predecessor-version":[{"id":33925,"href":"https:\/\/www.haulick-roos.de\/en_gb\/wp-json\/wp\/v2\/pages\/865\/revisions\/33925"}],"wp:attachment":[{"href":"https:\/\/www.haulick-roos.de\/en_gb\/wp-json\/wp\/v2\/media?parent=865"}],"curies":[{"name":"wp","href":"https:\/\/api.w.org\/{rel}","templated":true}]}}